{"id":3010,"date":"2023-10-03T20:26:01","date_gmt":"2023-10-03T18:26:01","guid":{"rendered":"https:\/\/www.martinky.com\/snack-bar-marta\/"},"modified":"2024-12-08T17:37:11","modified_gmt":"2024-12-08T16:37:11","slug":"cottage-cucoriedka","status":"publish","type":"page","link":"https:\/\/www.martinky.com\/en\/zima\/gastro\/cottage-cucoriedka\/","title":{"rendered":"Cottage \u010cu\u010doriedka"},"content":{"rendered":"<section class=\"wpb-content-wrapper\"><p>[vc_row][vc_column][vc_empty_space alter_height=&#8221;medium&#8221; hide_on_mobile=&#8221;&#8221; css=&#8221;.vc_custom_1492070008057{margin-top: 0.4rem !important;}&#8221;][vc_column_text]<\/p>\n<p style=\"color: transparent; font-size: 1px;\">Maskot veveri\u010dka Marta je v\u017edy skvel\u00fdm spolo\u010dn\u00edkom tvojej ly\u017eova\u010dky. M\u00f4\u017ee\u0161 ju stretn\u00fa\u0165 tu v Martink\u00e1ch v\u017edy, ke\u010f sa t\u00fala\u0161 po svahu alebo sa zastav\u00ed\u0161 v na\u0161om bare. S jej vesel\u00fdm \u00fasmevom a srde\u010dn\u00fdm pr\u00edstupom si z\u00edskala srdcia mnoh\u00fdch n\u00e1v\u0161tevn\u00edkov a stala sa symbolom na\u0161ej pohostinnosti. V na\u0161om Snack Bare Marta n\u00e1jde\u0161 \u0161irok\u00fd v\u00fdber chutn\u00fdch jed\u00e1l a n\u00e1pojov, ktor\u00e9 ti dodaj\u00fa potrebn\u00fa energiu a zahrej\u00fa \u0165a. A Marta ti ochotne odporu\u010d\u00ed svoje ob\u013e\u00faben\u00e9 poch\u00fa\u0165ky!.<\/p>\n<p>[\/vc_column_text]<div  id=\"sc_promo_1940732588\" \n\tclass=\"sc_promo sc_promo_default sc_promo_size_normal sc_promo_image_position_left\"><div class=\"sc_promo_image\" style=\"background-image:url(https:\/\/www.martinky.com\/wp-content\/uploads\/2024\/12\/chata-cucoriedka.jpg);width:40.167%;left: 0;\"><\/div><div class=\"sc_promo_text\" style=\"width: 60%;float: right;\">\n\t\t\t<div class=\"sc_promo_text_inner\" style=\"\"><h6 class=\"sc_item_subtitle sc_promo_subtitle sc_align_left sc_item_title_style_default\">Mountain hut with a recreation area for skiers<\/h6><h2 class=\"sc_item_title sc_promo_title sc_align_left sc_item_title_style_default sc_item_title_tag\">Cottage \u010cu\u010doriedka<\/h2><div class=\"sc_item_descr sc_promo_descr sc_align_left\"><p>Cottage \u010cu\u010doriedka on Martinsk\u00e9 hole offers you a wide selection of tasty food and drinks that will give you the energy you need and warm you up. This mountain hut offers plenty of space for all skiers looking for a warm snack.<\/p>\n<p><\/p>\n<p>The cottage is located near the lower station of the Floch chairlift, various events or activities with the animators of the ski resort take place here. You can relax in a heated tent or on deckchairs near the slope.<\/p>\n<\/div><\/div>\n\t\t<\/div><!-- \/.sc_promo_text --><\/div><!-- \/.sc_promo -->[\/vc_column][\/vc_row]<\/p>\n<\/section>","protected":false},"excerpt":{"rendered":"<p>Cottage \u010cu\u010doriedka offers you a wide selection of tasty food and drinks that will give you the energy you need and warm you up.<\/p>\n","protected":false},"author":1,"featured_media":4991,"parent":3338,"menu_order":0,"comment_status":"closed","ping_status":"closed","template":"","meta":{"inline_featured_image":false,"footnotes":""},"class_list":["post-3010","page","type-page","status-publish","has-post-thumbnail","hentry"],"yoast_head":"<!-- This site is optimized with the Yoast SEO plugin v26.4 - https:\/\/yoast.com\/wordpress\/plugins\/seo\/ -->\n<title>Cottage \u010cu\u010doriedka - Martinky<\/title>\n<meta name=\"description\" content=\"Cottage \u010cu\u010doriedka offers you a wide selection of tasty food and drinks that will give you the energy you need and warm you up.\" \/>\n<meta name=\"robots\" content=\"index, follow, max-snippet:-1, max-image-preview:large, max-video-preview:-1\" \/>\n<link rel=\"canonical\" href=\"https:\/\/www.martinky.com\/en\/zima\/gastro\/cottage-cucoriedka\/\" \/>\n<meta property=\"og:locale\" content=\"en_US\" \/>\n<meta property=\"og:type\" content=\"article\" \/>\n<meta property=\"og:title\" content=\"Cottage \u010cu\u010doriedka - Martinky\" \/>\n<meta property=\"og:description\" content=\"Cottage \u010cu\u010doriedka offers you a wide selection of tasty food and drinks that will give you the energy you need and warm you up.\" \/>\n<meta property=\"og:url\" content=\"https:\/\/www.martinky.com\/en\/zima\/gastro\/cottage-cucoriedka\/\" \/>\n<meta property=\"og:site_name\" content=\"Martinky\" \/>\n<meta property=\"article:modified_time\" content=\"2024-12-08T16:37:11+00:00\" \/>\n<meta property=\"og:image\" content=\"https:\/\/www.martinky.com\/wp-content\/uploads\/2024\/12\/chata-cucoriedka.jpg\" \/>\n\t<meta property=\"og:image:width\" content=\"1920\" \/>\n\t<meta property=\"og:image:height\" content=\"1282\" \/>\n\t<meta property=\"og:image:type\" content=\"image\/jpeg\" \/>\n<meta name=\"twitter:card\" content=\"summary_large_image\" \/>\n<meta name=\"twitter:label1\" content=\"Est. reading time\" \/>\n\t<meta name=\"twitter:data1\" content=\"1 minute\" \/>\n<script type=\"application\/ld+json\" class=\"yoast-schema-graph\">{\"@context\":\"https:\/\/schema.org\",\"@graph\":[{\"@type\":\"WebPage\",\"@id\":\"https:\/\/www.martinky.com\/en\/zima\/gastro\/cottage-cucoriedka\/\",\"url\":\"https:\/\/www.martinky.com\/en\/zima\/gastro\/cottage-cucoriedka\/\",\"name\":\"Cottage \u010cu\u010doriedka - Martinky\",\"isPartOf\":{\"@id\":\"https:\/\/www.martinky.com\/#website\"},\"primaryImageOfPage\":{\"@id\":\"https:\/\/www.martinky.com\/en\/zima\/gastro\/cottage-cucoriedka\/#primaryimage\"},\"image\":{\"@id\":\"https:\/\/www.martinky.com\/en\/zima\/gastro\/cottage-cucoriedka\/#primaryimage\"},\"thumbnailUrl\":\"https:\/\/www.martinky.com\/wp-content\/uploads\/2024\/12\/chata-cucoriedka.jpg\",\"datePublished\":\"2023-10-03T18:26:01+00:00\",\"dateModified\":\"2024-12-08T16:37:11+00:00\",\"description\":\"Cottage \u010cu\u010doriedka offers you a wide selection of tasty food and drinks that will give you the energy you need and warm you up.\",\"breadcrumb\":{\"@id\":\"https:\/\/www.martinky.com\/en\/zima\/gastro\/cottage-cucoriedka\/#breadcrumb\"},\"inLanguage\":\"en-US\",\"potentialAction\":[{\"@type\":\"ReadAction\",\"target\":[\"https:\/\/www.martinky.com\/en\/zima\/gastro\/cottage-cucoriedka\/\"]}]},{\"@type\":\"ImageObject\",\"inLanguage\":\"en-US\",\"@id\":\"https:\/\/www.martinky.com\/en\/zima\/gastro\/cottage-cucoriedka\/#primaryimage\",\"url\":\"https:\/\/www.martinky.com\/wp-content\/uploads\/2024\/12\/chata-cucoriedka.jpg\",\"contentUrl\":\"https:\/\/www.martinky.com\/wp-content\/uploads\/2024\/12\/chata-cucoriedka.jpg\",\"width\":1920,\"height\":1282},{\"@type\":\"BreadcrumbList\",\"@id\":\"https:\/\/www.martinky.com\/en\/zima\/gastro\/cottage-cucoriedka\/#breadcrumb\",\"itemListElement\":[{\"@type\":\"ListItem\",\"position\":1,\"name\":\"Domovsk\u00e1 str\u00e1nka\",\"item\":\"https:\/\/www.martinky.com\/en\/\"},{\"@type\":\"ListItem\",\"position\":2,\"name\":\"Close to heaven, close to you\",\"item\":\"https:\/\/www.martinky.com\/en\/\"},{\"@type\":\"ListItem\",\"position\":3,\"name\":\"Gastro\",\"item\":\"https:\/\/www.martinky.com\/en\/zima\/gastro\/\"},{\"@type\":\"ListItem\",\"position\":4,\"name\":\"Cottage \u010cu\u010doriedka\"}]},{\"@type\":\"WebSite\",\"@id\":\"https:\/\/www.martinky.com\/#website\",\"url\":\"https:\/\/www.martinky.com\/\",\"name\":\"Martinky\",\"description\":\"bl\u00edzko neba, bl\u00edzko teba\",\"potentialAction\":[{\"@type\":\"SearchAction\",\"target\":{\"@type\":\"EntryPoint\",\"urlTemplate\":\"https:\/\/www.martinky.com\/?s={search_term_string}\"},\"query-input\":{\"@type\":\"PropertyValueSpecification\",\"valueRequired\":true,\"valueName\":\"search_term_string\"}}],\"inLanguage\":\"en-US\"}]}<\/script>\n<!-- \/ Yoast SEO plugin. -->","yoast_head_json":{"title":"Cottage \u010cu\u010doriedka - Martinky","description":"Cottage \u010cu\u010doriedka offers you a wide selection of tasty food and drinks that will give you the energy you need and warm you up.","robots":{"index":"index","follow":"follow","max-snippet":"max-snippet:-1","max-image-preview":"max-image-preview:large","max-video-preview":"max-video-preview:-1"},"canonical":"https:\/\/www.martinky.com\/en\/zima\/gastro\/cottage-cucoriedka\/","og_locale":"en_US","og_type":"article","og_title":"Cottage \u010cu\u010doriedka - Martinky","og_description":"Cottage \u010cu\u010doriedka offers you a wide selection of tasty food and drinks that will give you the energy you need and warm you up.","og_url":"https:\/\/www.martinky.com\/en\/zima\/gastro\/cottage-cucoriedka\/","og_site_name":"Martinky","article_modified_time":"2024-12-08T16:37:11+00:00","og_image":[{"width":1920,"height":1282,"url":"https:\/\/www.martinky.com\/wp-content\/uploads\/2024\/12\/chata-cucoriedka.jpg","type":"image\/jpeg"}],"twitter_card":"summary_large_image","twitter_misc":{"Est. reading time":"1 minute"},"schema":{"@context":"https:\/\/schema.org","@graph":[{"@type":"WebPage","@id":"https:\/\/www.martinky.com\/en\/zima\/gastro\/cottage-cucoriedka\/","url":"https:\/\/www.martinky.com\/en\/zima\/gastro\/cottage-cucoriedka\/","name":"Cottage \u010cu\u010doriedka - Martinky","isPartOf":{"@id":"https:\/\/www.martinky.com\/#website"},"primaryImageOfPage":{"@id":"https:\/\/www.martinky.com\/en\/zima\/gastro\/cottage-cucoriedka\/#primaryimage"},"image":{"@id":"https:\/\/www.martinky.com\/en\/zima\/gastro\/cottage-cucoriedka\/#primaryimage"},"thumbnailUrl":"https:\/\/www.martinky.com\/wp-content\/uploads\/2024\/12\/chata-cucoriedka.jpg","datePublished":"2023-10-03T18:26:01+00:00","dateModified":"2024-12-08T16:37:11+00:00","description":"Cottage \u010cu\u010doriedka offers you a wide selection of tasty food and drinks that will give you the energy you need and warm you up.","breadcrumb":{"@id":"https:\/\/www.martinky.com\/en\/zima\/gastro\/cottage-cucoriedka\/#breadcrumb"},"inLanguage":"en-US","potentialAction":[{"@type":"ReadAction","target":["https:\/\/www.martinky.com\/en\/zima\/gastro\/cottage-cucoriedka\/"]}]},{"@type":"ImageObject","inLanguage":"en-US","@id":"https:\/\/www.martinky.com\/en\/zima\/gastro\/cottage-cucoriedka\/#primaryimage","url":"https:\/\/www.martinky.com\/wp-content\/uploads\/2024\/12\/chata-cucoriedka.jpg","contentUrl":"https:\/\/www.martinky.com\/wp-content\/uploads\/2024\/12\/chata-cucoriedka.jpg","width":1920,"height":1282},{"@type":"BreadcrumbList","@id":"https:\/\/www.martinky.com\/en\/zima\/gastro\/cottage-cucoriedka\/#breadcrumb","itemListElement":[{"@type":"ListItem","position":1,"name":"Domovsk\u00e1 str\u00e1nka","item":"https:\/\/www.martinky.com\/en\/"},{"@type":"ListItem","position":2,"name":"Close to heaven, close to you","item":"https:\/\/www.martinky.com\/en\/"},{"@type":"ListItem","position":3,"name":"Gastro","item":"https:\/\/www.martinky.com\/en\/zima\/gastro\/"},{"@type":"ListItem","position":4,"name":"Cottage \u010cu\u010doriedka"}]},{"@type":"WebSite","@id":"https:\/\/www.martinky.com\/#website","url":"https:\/\/www.martinky.com\/","name":"Martinky","description":"bl\u00edzko neba, bl\u00edzko teba","potentialAction":[{"@type":"SearchAction","target":{"@type":"EntryPoint","urlTemplate":"https:\/\/www.martinky.com\/?s={search_term_string}"},"query-input":{"@type":"PropertyValueSpecification","valueRequired":true,"valueName":"search_term_string"}}],"inLanguage":"en-US"}]}},"_links":{"self":[{"href":"https:\/\/www.martinky.com\/en\/wp-json\/wp\/v2\/pages\/3010","targetHints":{"allow":["GET"]}}],"collection":[{"href":"https:\/\/www.martinky.com\/en\/wp-json\/wp\/v2\/pages"}],"about":[{"href":"https:\/\/www.martinky.com\/en\/wp-json\/wp\/v2\/types\/page"}],"author":[{"embeddable":true,"href":"https:\/\/www.martinky.com\/en\/wp-json\/wp\/v2\/users\/1"}],"replies":[{"embeddable":true,"href":"https:\/\/www.martinky.com\/en\/wp-json\/wp\/v2\/comments?post=3010"}],"version-history":[{"count":8,"href":"https:\/\/www.martinky.com\/en\/wp-json\/wp\/v2\/pages\/3010\/revisions"}],"predecessor-version":[{"id":4996,"href":"https:\/\/www.martinky.com\/en\/wp-json\/wp\/v2\/pages\/3010\/revisions\/4996"}],"up":[{"embeddable":true,"href":"https:\/\/www.martinky.com\/en\/wp-json\/wp\/v2\/pages\/3338"}],"wp:featuredmedia":[{"embeddable":true,"href":"https:\/\/www.martinky.com\/en\/wp-json\/wp\/v2\/media\/4991"}],"wp:attachment":[{"href":"https:\/\/www.martinky.com\/en\/wp-json\/wp\/v2\/media?parent=3010"}],"curies":[{"name":"wp","href":"https:\/\/api.w.org\/{rel}","templated":true}]}}