{"id":3016,"date":"2023-09-10T07:07:23","date_gmt":"2023-09-10T05:07:23","guid":{"rendered":"https:\/\/www.martinky.com\/zasady-pouzivania-cookies\/"},"modified":"2023-09-10T07:07:23","modified_gmt":"2023-09-10T05:07:23","slug":"zasady-pouzivania-cookies","status":"publish","type":"page","link":"https:\/\/www.martinky.com\/en\/zasady-pouzivania-cookies\/","title":{"rendered":"Z\u00e1sady pou\u017e\u00edvania cookies"},"content":{"rendered":"<section class=\"wpb-content-wrapper\"><p>[vc_row][vc_column][vc_empty_space alter_height=&#8221;none&#8221; hide_on_mobile=&#8221;&#8221;][vc_column_text]<\/p>\n<h3><strong>Z\u00c1SADY POU\u017d\u00cdVANIA COOKIES<\/strong><\/h3>\n<p>[\/vc_column_text][vc_empty_space height=&#8221;16px&#8221; alter_height=&#8221;none&#8221; hide_on_mobile=&#8221;&#8221;][vc_column_text]<\/p>\n<h5>\u010cO S\u00da S\u00daBORY COOKIE?<\/h5>\n<p>S\u00fabory cookies s\u00fa mal\u00e9 k\u00fasky inform\u00e1ci\u00ed, ktor\u00e9 sa ukladaj\u00fa vo va\u0161om internetovom prehliada\u010di alebo v zariaden\u00ed, ktor\u00e9 umo\u017e\u0148uje prezera\u0165 web str\u00e1nky. Cookies pom\u00e1haj\u00fa prehliada\u010du pri pr\u00e1ci s web str\u00e1nkami. Cookies nezhroma\u017e\u010fuj\u00fa \u017eiadne d\u00e1ta ulo\u017een\u00e9 vo va\u0161om po\u010d\u00edta\u010di, ani vo va\u0161ich s\u00faboroch \u2013 s\u00fa v nich ulo\u017een\u00e9 len tie d\u00e1ta, ktor\u00e9 potrebuje na\u0161a str\u00e1nka. Pou\u017e\u00edvame nieko\u013eko druhov cookies, ktor\u00e9 s\u00fa potrebn\u00e9 pre beh webu, zabezpe\u010denie jeho funk\u010dnosti, v\u00fdkonnosti a cielenia. Cookies v\u00e1m umo\u017e\u0148uj\u00fa lep\u0161\u00ed z\u00e1\u017eitok z prehliadania webu t\u00fdm, \u017ee si zapam\u00e4taj\u00fa va\u0161e nastavenia alebo aktivity (napr. login). Cookies n\u00e1m tie\u017e poskytuj\u00fa inform\u00e1cie, ako si n\u00e1v\u0161tevn\u00edci pozeraj\u00fa web, napr. \u010di je to ich prv\u00e1 n\u00e1v\u0161teva a pod. V\u0161etky tieto inform\u00e1cie vyu\u017e\u00edvame na to, aby sme v\u00e1m e\u0161te viac skvalitnili prehliadanie n\u00e1\u0161ho webu.<\/p>\n<h5>AK\u00c9 S\u00daBORY COOKIES STR\u00c1NKA VYU\u017d\u00cdVA A PRE\u010cO?<\/h5>\n<p>Niektor\u00e9 cookies s\u00fa nevyhnutn\u00e9, aby ste mohli prehliada\u0165 n\u00e1\u0161 web, pou\u017e\u00edva\u0165 jeho funkcie a pristupova\u0165 do zabezpe\u010denej \u010dasti. Pou\u017eitie t\u00fdchto cookies je nutn\u00e9 pre pr\u00e1cu s na\u0161im webom. Tieto s\u00fabory cookies nepou\u017e\u00edvame na zber osobn\u00fdch inform\u00e1ci\u00ed o v\u00e1s. Tento typ cookies vyu\u017e\u00edvame napr\u00edklad po\u010das doby va\u0161ej n\u00e1v\u0161tevy pri predvypl\u0148ovan\u00ed formul\u00e1rov, ktor\u00e9 zad\u00e1vate na viacer\u00fdch str\u00e1nkach, aby ste ich nemuseli vyp\u013a\u0148a\u0165 viackr\u00e1t.<\/p>\n<p>Pou\u017e\u00edvame tie\u017e funk\u010dn\u00e9 cookies pre zapam\u00e4tanie akci\u00ed, ktor\u00e9 ste vykonali, alebo inform\u00e1ci\u00ed, ktor\u00e9 ste poskytli, ako je napr\u00edklad va\u0161e pou\u017e\u00edvate\u013esk\u00e9 meno, jazyk, alebo regi\u00f3n, kde sa nach\u00e1dzate. To n\u00e1m umo\u017e\u0148uje prisp\u00f4sobi\u0165 web \u0161pecificky pod\u013ea va\u0161ich preferenci\u00ed. Napr\u00edklad, aj autentifika\u010dn\u00e9 cookies s\u00fa funk\u010dn\u00e9 cookies, ktor\u00e9 sa pou\u017e\u00edvaj\u00fa po dobu trvania va\u0161ej n\u00e1v\u0161tevy (alebo aj dlh\u0161ie, ak zakliknete mo\u017enos\u0165 \u201ezapam\u00e4ta\u0165\u201c) a umo\u017e\u0148uj\u00fa napr\u00edklad pou\u017e\u00edvate\u013eom, aby sme ich overili pri \u010fal\u0161ej n\u00e1v\u0161teve.<\/p>\n<p>Za \u00fa\u010delom zlep\u0161ovania webu vyu\u017e\u00edvame v\u00fdkonnostn\u00e9 alebo analytick\u00e9 cookies na zhroma\u017e\u010fovanie inform\u00e1ci\u00ed o tom, ako pou\u017e\u00edvate na\u0161e webov\u00e9 str\u00e1nky a ako \u010dasto. Tieto cookies zhroma\u017e\u010fuj\u00fa inform\u00e1cie len na \u0161tatistick\u00e9 \u00fa\u010dely a nezbieraj\u00fa \u017eiadne inform\u00e1cie, ktor\u00e9 v\u00e1s m\u00f4\u017eu osobne identifikova\u0165. Preto\u017ee ale tieto s\u00fabory cookies nie s\u00fa nevyhnutne potrebn\u00e9 pre vyu\u017eitie n\u00e1\u0161ho webu, po\u017eadujeme s\u00fahlas na ich pou\u017eitie. V\u00fdkonnostn\u00e9 alebo analytick\u00e9 cookies, ktor\u00e9 pou\u017e\u00edvame, zah\u0155\u0148aj\u00fa:<br \/>\nanalytick\u00e9 s\u00fabory cookies &#8211; tieto cookies pou\u017e\u00edvame pre odhad po\u010dtu unik\u00e1tnych n\u00e1v\u0161tevn\u00edkov, k zlep\u0161eniu na\u0161ich str\u00e1nok a identifikovaniu k\u013e\u00fa\u010dov\u00fdch slov vo vyh\u013ead\u00e1va\u010doch, ktor\u00e9 ved\u00fa na n\u00e1\u0161 web. Tieto cookies sa nepou\u017e\u00edvaj\u00fa na cielenie on-line marketingu.<\/p>\n<p>Pou\u017e\u00edvame tie\u017e Google Analytics a dal\u0161ie analytick\u00e9 n\u00e1stroje tret\u00edch str\u00e1n, ktor\u00e9 pom\u00e1haj\u00fa mera\u0165, ako pou\u017e\u00edvatelia pracuj\u00fa s na\u0161im webom. Tieto cookies si pam\u00e4taj\u00fa, \u010do na\u0161i pou\u017e\u00edvatelia robili na predch\u00e1dzaj\u00facich str\u00e1nkach, a sp\u00f4sob, ak\u00fdm sme v styku s webov\u00fdmi str\u00e1nkami. Pre viac inform\u00e1ci\u00ed o slu\u017ebe Google Analytics, nav\u0161t\u00edvte, pros\u00edm, informa\u010dn\u00fa str\u00e1nku spolo\u010dnosti Google.<br \/>\nReklamn\u00e9 cookies<\/p>\n<p>Cookies na cielenie reklamy s\u00fa pou\u017e\u00edvan\u00e9 na na\u0161om webe za \u00fa\u010delom prisp\u00f4sobenia marketingu pre v\u00e1s a va\u0161e z\u00e1ujmy &#8211; poskytneme v\u00e1m tak viac personalizovan\u00e9 slu\u017eby v bud\u00facnosti. Tieto cookies si pam\u00e4taj\u00fa, \u017ee ste nav\u0161t\u00edvili n\u00e1\u0161 web a zdie\u013eame ich s tret\u00edmi stranami, ako s\u00fa napr. reklamn\u00e9 syst\u00e9my. Hoci tieto s\u00fabory cookies m\u00f4\u017eu sledova\u0165 va\u0161e n\u00e1v\u0161tevy n\u00e1\u0161ho webu a \u010fal\u0161\u00edch lokal\u00edt, v\u00e1s osobne nijak neidentifikuj\u00fa. Bez t\u00fdchto cookies sa m\u00f4\u017ee sta\u0165, \u017ee reklamy, ktor\u00e9 vid\u00edte, m\u00f4\u017eu by\u0165 menej relevantn\u00e9 a pre v\u00e1s menej zauj\u00edmav\u00e9. Nepou\u017e\u00edvame reklamn\u00e9 cookies tret\u00edch str\u00e1n.<\/p>\n<p>Cookies pre soci\u00e1lne siete s\u00fa vyu\u017e\u00edvan\u00e9 v r\u00f4znych soci\u00e1lnych sie\u0165ach, ktor\u00e9 maj\u00fa &#8220;plug-in moduly &#8220;. Tieto moduly sme integrovali do n\u00e1\u0161ho webu. V\u00e1\u0161 s\u00fahlas s t\u00fdmito cookies je v\u0161ak potrebn\u00fd, preto\u017ee niektor\u00e9 cookies tret\u00edch str\u00e1n s\u00fa pou\u017e\u00edvan\u00e9 pre behavior\u00e1lne cielenie reklamy, analytiky a \/ alebo prieskumy trhu.<\/p>\n<h5>AKO DLHO OSTAN\u00da COOKIES V MOJOM PO\u010c\u00cdTA\u010cI ALEBO MOBILNOM ZARIADEN\u00cd?<\/h5>\n<p>D\u013a\u017eka doby, po\u010das ktorej cookie zostane v po\u010d\u00edta\u010di alebo mobilnom zariaden\u00ed z\u00e1vis\u00ed na tom, \u010di ide o &#8220;trval\u00fd&#8221; alebo &#8220;session&#8221; cookie. Session cookie trv\u00e1 a\u017e k\u00fdm nepreru\u0161\u00edte prehliadanie webu. Trval\u00e9 cookies m\u00f4\u017eu trva\u0165 a\u017e do vypr\u0161ania ich platnosti alebo s\u00fa manu\u00e1lne odstr\u00e1nen\u00e9. V\u00e4\u010d\u0161ina cookies, ktor\u00e9 pou\u017e\u00edvame, s\u00fa trval\u00e9 a vypr\u0161ia od 90 dn\u00ed a\u017e do dvoch rokov od d\u00e1tumu, kedy boli stiahnut\u00e9 do v\u00e1\u0161ho zariadenia. Ak si cookies vo va\u0161om prehliada\u010di ne\u017eel\u00e1te ma\u0165, m\u00f4\u017eete jednoducho manu\u00e1lne zmaza\u0165 v nastaveniach prehliada\u010da.<\/p>\n<h5>SOCI\u00c1LNE TLA\u010cIDL\u00c1<\/h5>\n<p>Soci\u00e1lne tla\u010didl\u00e1 tret\u00edch str\u00e1n zo soci\u00e1lnych siet\u00ed s\u00fa pou\u017e\u00edvan\u00e9 na to, aby na\u0161im pou\u017e\u00edvate\u013eom umo\u017enili zdie\u013ea\u0165 alebo zapam\u00e4ta\u0165 si obsah na na\u0161om webe. Nem\u00f4\u017eeme zabr\u00e1ni\u0165, aby tieto str\u00e1nky zhroma\u017e\u010fovali o v\u00e1s ur\u010dit\u00e9 inform\u00e1cie. Aby ste pochopili, ako tretie strany pou\u017e\u00edvaj\u00fa inform\u00e1cie o va\u0161ich aktivit\u00e1ch na na\u0161om webe a na internete, pre\u010d\u00edtajte si ich pr\u00edslu\u0161n\u00e9 podmienky pou\u017e\u00edvania a z\u00e1sady ochrany osobn\u00fdch \u00fadajov.<\/p>\n<h5>AKO M\u00d4\u017dETE ZMENI\u0164 NASTAVENIA POU\u017d\u00cdVANIA COOKIES?<\/h5>\n<p>V\u00e4\u010d\u0161ina dostupn\u00fdch prehliada\u010dov prij\u00edma s\u00fabory cookies automaticky. Ak s\u00fabory cookies nechcete pou\u017e\u00edva\u0165, budete ich musie\u0165 bu\u010f odstr\u00e1ni\u0165, alebo zablokova\u0165 ich ukladanie. To je mo\u017en\u00e9 zmenou nastaven\u00ed prehliada\u010da. Pod\u013ea typu prehliada\u010da, ktor\u00fd pou\u017e\u00edvate, obvykle n\u00e1jdete \u010fal\u0161ie inform\u00e1cie pomocou funkcie Pomocn\u00edk alebo v nastaveniach prehliada\u010da. Odmietnut\u00edm pou\u017e\u00edvania s\u00faborov cookies je mo\u017en\u00e9 webstr\u00e1nku aj na\u010falej nav\u0161tevova\u0165, ale niektor\u00e9 jej funkcie nemusia fungova\u0165 spr\u00e1vne. Bli\u017e\u0161ie inform\u00e1cie o odstra\u0148ovan\u00ed a odmietan\u00ed s\u00faborov cookies, ako aj \u010fal\u0161ie inform\u00e1cie o t\u00fdchto s\u00faboroch n\u00e1jdete napr\u00edklad na <a href=\"http:\/\/www.allaboutcookies.org\" target=\"_blank\" rel=\"noopener\">www.allaboutcookies.org<\/a>.<\/p>\n<p>Pravidl\u00e1 pou\u017e\u00edvania cookies\u00a0<a href=\"https:\/\/www.facebook.com\/policies\/cookies\/\" target=\"_blank\" rel=\"noopener\">Facebook Inc. a Facebook Ireland Ltd<\/a>.<br \/>\nPravidl\u00e1 pou\u017e\u00edvania cookies\u00a0<a href=\"https:\/\/policies.google.com\/technologies\/cookies?hl=sk\" target=\"_blank\" rel=\"noopener\">Google LLC<\/a>[\/vc_column_text][\/vc_column][\/vc_row]<\/p>\n<\/section>","protected":false},"excerpt":{"rendered":"<p>[vc_row][vc_column][vc_empty_space alter_height=&#8221;none&#8221; hide_on_mobile=&#8221;&#8221;][vc_column_text] Z\u00c1SADY POU\u017d\u00cdVANIA COOKIES [\/vc_column_text][vc_empty_space height=&#8221;16px&#8221; alter_height=&#8221;none&#8221; hide_on_mobile=&#8221;&#8221;][vc_column_text] \u010cO S\u00da S\u00daBORY COOKIE? S\u00fabory cookies s\u00fa mal\u00e9 k\u00fasky inform\u00e1ci\u00ed, ktor\u00e9 sa ukladaj\u00fa vo va\u0161om internetovom prehliada\u010di alebo v zariaden\u00ed, ktor\u00e9 umo\u017e\u0148uje prezera\u0165 web str\u00e1nky. Cookies pom\u00e1haj\u00fa prehliada\u010du pri pr\u00e1ci s web str\u00e1nkami. Cookies nezhroma\u017e\u010fuj\u00fa \u017eiadne d\u00e1ta ulo\u017een\u00e9 vo va\u0161om po\u010d\u00edta\u010di, ani vo va\u0161ich s\u00faboroch \u2013 s\u00fa v nich ulo\u017een\u00e9&hellip;<\/p>\n","protected":false},"author":990004,"featured_media":2453,"parent":0,"menu_order":0,"comment_status":"closed","ping_status":"closed","template":"","meta":{"inline_featured_image":false,"footnotes":""},"class_list":["post-3016","page","type-page","status-publish","has-post-thumbnail","hentry"],"yoast_head":"<!-- This site is optimized with the Yoast SEO plugin v26.4 - https:\/\/yoast.com\/wordpress\/plugins\/seo\/ -->\n<title>Z\u00e1sady pou\u017e\u00edvania cookies - Martinky<\/title>\n<meta name=\"robots\" content=\"index, follow, max-snippet:-1, max-image-preview:large, max-video-preview:-1\" \/>\n<link rel=\"canonical\" href=\"https:\/\/www.martinky.com\/en\/zasady-pouzivania-cookies\/\" \/>\n<meta property=\"og:locale\" content=\"en_US\" \/>\n<meta property=\"og:type\" content=\"article\" \/>\n<meta property=\"og:title\" content=\"Z\u00e1sady pou\u017e\u00edvania cookies - Martinky\" \/>\n<meta property=\"og:description\" content=\"[vc_row][vc_column][vc_empty_space alter_height=&#8221;none&#8221; hide_on_mobile=&#8221;&#8221;][vc_column_text] Z\u00c1SADY POU\u017d\u00cdVANIA COOKIES [\/vc_column_text][vc_empty_space height=&#8221;16px&#8221; alter_height=&#8221;none&#8221; hide_on_mobile=&#8221;&#8221;][vc_column_text] \u010cO S\u00da S\u00daBORY COOKIE? S\u00fabory cookies s\u00fa mal\u00e9 k\u00fasky inform\u00e1ci\u00ed, ktor\u00e9 sa ukladaj\u00fa vo va\u0161om internetovom prehliada\u010di alebo v zariaden\u00ed, ktor\u00e9 umo\u017e\u0148uje prezera\u0165 web str\u00e1nky. Cookies pom\u00e1haj\u00fa prehliada\u010du pri pr\u00e1ci s web str\u00e1nkami. Cookies nezhroma\u017e\u010fuj\u00fa \u017eiadne d\u00e1ta ulo\u017een\u00e9 vo va\u0161om po\u010d\u00edta\u010di, ani vo va\u0161ich s\u00faboroch \u2013 s\u00fa v nich ulo\u017een\u00e9&hellip;\" \/>\n<meta property=\"og:url\" content=\"https:\/\/www.martinky.com\/en\/zasady-pouzivania-cookies\/\" \/>\n<meta property=\"og:site_name\" content=\"Martinky\" \/>\n<meta name=\"twitter:card\" content=\"summary_large_image\" \/>\n<meta name=\"twitter:label1\" content=\"Est. reading time\" \/>\n\t<meta name=\"twitter:data1\" content=\"6 minutes\" \/>\n<script type=\"application\/ld+json\" class=\"yoast-schema-graph\">{\"@context\":\"https:\/\/schema.org\",\"@graph\":[{\"@type\":\"WebPage\",\"@id\":\"https:\/\/www.martinky.com\/en\/zasady-pouzivania-cookies\/\",\"url\":\"https:\/\/www.martinky.com\/en\/zasady-pouzivania-cookies\/\",\"name\":\"Z\u00e1sady pou\u017e\u00edvania cookies - Martinky\",\"isPartOf\":{\"@id\":\"https:\/\/www.martinky.com\/#website\"},\"primaryImageOfPage\":{\"@id\":\"https:\/\/www.martinky.com\/en\/zasady-pouzivania-cookies\/#primaryimage\"},\"image\":{\"@id\":\"https:\/\/www.martinky.com\/en\/zasady-pouzivania-cookies\/#primaryimage\"},\"thumbnailUrl\":\"https:\/\/www.martinky.com\/wp-content\/uploads\/2023\/09\/skialpy-martinky004.jpg\",\"datePublished\":\"2023-09-10T05:07:23+00:00\",\"breadcrumb\":{\"@id\":\"https:\/\/www.martinky.com\/en\/zasady-pouzivania-cookies\/#breadcrumb\"},\"inLanguage\":\"en-US\",\"potentialAction\":[{\"@type\":\"ReadAction\",\"target\":[\"https:\/\/www.martinky.com\/en\/zasady-pouzivania-cookies\/\"]}]},{\"@type\":\"ImageObject\",\"inLanguage\":\"en-US\",\"@id\":\"https:\/\/www.martinky.com\/en\/zasady-pouzivania-cookies\/#primaryimage\",\"url\":\"https:\/\/www.martinky.com\/wp-content\/uploads\/2023\/09\/skialpy-martinky004.jpg\",\"contentUrl\":\"https:\/\/www.martinky.com\/wp-content\/uploads\/2023\/09\/skialpy-martinky004.jpg\",\"width\":1920,\"height\":1282},{\"@type\":\"BreadcrumbList\",\"@id\":\"https:\/\/www.martinky.com\/en\/zasady-pouzivania-cookies\/#breadcrumb\",\"itemListElement\":[{\"@type\":\"ListItem\",\"position\":1,\"name\":\"Domovsk\u00e1 str\u00e1nka\",\"item\":\"https:\/\/www.martinky.com\/en\/\"},{\"@type\":\"ListItem\",\"position\":2,\"name\":\"Z\u00e1sady pou\u017e\u00edvania cookies\"}]},{\"@type\":\"WebSite\",\"@id\":\"https:\/\/www.martinky.com\/#website\",\"url\":\"https:\/\/www.martinky.com\/\",\"name\":\"Martinky\",\"description\":\"bl\u00edzko neba, bl\u00edzko teba\",\"potentialAction\":[{\"@type\":\"SearchAction\",\"target\":{\"@type\":\"EntryPoint\",\"urlTemplate\":\"https:\/\/www.martinky.com\/?s={search_term_string}\"},\"query-input\":{\"@type\":\"PropertyValueSpecification\",\"valueRequired\":true,\"valueName\":\"search_term_string\"}}],\"inLanguage\":\"en-US\"}]}<\/script>\n<!-- \/ Yoast SEO plugin. -->","yoast_head_json":{"title":"Z\u00e1sady pou\u017e\u00edvania cookies - Martinky","robots":{"index":"index","follow":"follow","max-snippet":"max-snippet:-1","max-image-preview":"max-image-preview:large","max-video-preview":"max-video-preview:-1"},"canonical":"https:\/\/www.martinky.com\/en\/zasady-pouzivania-cookies\/","og_locale":"en_US","og_type":"article","og_title":"Z\u00e1sady pou\u017e\u00edvania cookies - Martinky","og_description":"[vc_row][vc_column][vc_empty_space alter_height=&#8221;none&#8221; hide_on_mobile=&#8221;&#8221;][vc_column_text] Z\u00c1SADY POU\u017d\u00cdVANIA COOKIES [\/vc_column_text][vc_empty_space height=&#8221;16px&#8221; alter_height=&#8221;none&#8221; hide_on_mobile=&#8221;&#8221;][vc_column_text] \u010cO S\u00da S\u00daBORY COOKIE? S\u00fabory cookies s\u00fa mal\u00e9 k\u00fasky inform\u00e1ci\u00ed, ktor\u00e9 sa ukladaj\u00fa vo va\u0161om internetovom prehliada\u010di alebo v zariaden\u00ed, ktor\u00e9 umo\u017e\u0148uje prezera\u0165 web str\u00e1nky. Cookies pom\u00e1haj\u00fa prehliada\u010du pri pr\u00e1ci s web str\u00e1nkami. Cookies nezhroma\u017e\u010fuj\u00fa \u017eiadne d\u00e1ta ulo\u017een\u00e9 vo va\u0161om po\u010d\u00edta\u010di, ani vo va\u0161ich s\u00faboroch \u2013 s\u00fa v nich ulo\u017een\u00e9&hellip;","og_url":"https:\/\/www.martinky.com\/en\/zasady-pouzivania-cookies\/","og_site_name":"Martinky","twitter_card":"summary_large_image","twitter_misc":{"Est. reading time":"6 minutes"},"schema":{"@context":"https:\/\/schema.org","@graph":[{"@type":"WebPage","@id":"https:\/\/www.martinky.com\/en\/zasady-pouzivania-cookies\/","url":"https:\/\/www.martinky.com\/en\/zasady-pouzivania-cookies\/","name":"Z\u00e1sady pou\u017e\u00edvania cookies - Martinky","isPartOf":{"@id":"https:\/\/www.martinky.com\/#website"},"primaryImageOfPage":{"@id":"https:\/\/www.martinky.com\/en\/zasady-pouzivania-cookies\/#primaryimage"},"image":{"@id":"https:\/\/www.martinky.com\/en\/zasady-pouzivania-cookies\/#primaryimage"},"thumbnailUrl":"https:\/\/www.martinky.com\/wp-content\/uploads\/2023\/09\/skialpy-martinky004.jpg","datePublished":"2023-09-10T05:07:23+00:00","breadcrumb":{"@id":"https:\/\/www.martinky.com\/en\/zasady-pouzivania-cookies\/#breadcrumb"},"inLanguage":"en-US","potentialAction":[{"@type":"ReadAction","target":["https:\/\/www.martinky.com\/en\/zasady-pouzivania-cookies\/"]}]},{"@type":"ImageObject","inLanguage":"en-US","@id":"https:\/\/www.martinky.com\/en\/zasady-pouzivania-cookies\/#primaryimage","url":"https:\/\/www.martinky.com\/wp-content\/uploads\/2023\/09\/skialpy-martinky004.jpg","contentUrl":"https:\/\/www.martinky.com\/wp-content\/uploads\/2023\/09\/skialpy-martinky004.jpg","width":1920,"height":1282},{"@type":"BreadcrumbList","@id":"https:\/\/www.martinky.com\/en\/zasady-pouzivania-cookies\/#breadcrumb","itemListElement":[{"@type":"ListItem","position":1,"name":"Domovsk\u00e1 str\u00e1nka","item":"https:\/\/www.martinky.com\/en\/"},{"@type":"ListItem","position":2,"name":"Z\u00e1sady pou\u017e\u00edvania cookies"}]},{"@type":"WebSite","@id":"https:\/\/www.martinky.com\/#website","url":"https:\/\/www.martinky.com\/","name":"Martinky","description":"bl\u00edzko neba, bl\u00edzko teba","potentialAction":[{"@type":"SearchAction","target":{"@type":"EntryPoint","urlTemplate":"https:\/\/www.martinky.com\/?s={search_term_string}"},"query-input":{"@type":"PropertyValueSpecification","valueRequired":true,"valueName":"search_term_string"}}],"inLanguage":"en-US"}]}},"_links":{"self":[{"href":"https:\/\/www.martinky.com\/en\/wp-json\/wp\/v2\/pages\/3016","targetHints":{"allow":["GET"]}}],"collection":[{"href":"https:\/\/www.martinky.com\/en\/wp-json\/wp\/v2\/pages"}],"about":[{"href":"https:\/\/www.martinky.com\/en\/wp-json\/wp\/v2\/types\/page"}],"author":[{"embeddable":true,"href":"https:\/\/www.martinky.com\/en\/wp-json\/wp\/v2\/users\/990004"}],"replies":[{"embeddable":true,"href":"https:\/\/www.martinky.com\/en\/wp-json\/wp\/v2\/comments?post=3016"}],"version-history":[{"count":0,"href":"https:\/\/www.martinky.com\/en\/wp-json\/wp\/v2\/pages\/3016\/revisions"}],"wp:featuredmedia":[{"embeddable":true,"href":"https:\/\/www.martinky.com\/en\/wp-json\/wp\/v2\/media\/2453"}],"wp:attachment":[{"href":"https:\/\/www.martinky.com\/en\/wp-json\/wp\/v2\/media?parent=3016"}],"curies":[{"name":"wp","href":"https:\/\/api.w.org\/{rel}","templated":true}]}}