{"id":3684,"date":"2023-12-01T07:06:43","date_gmt":"2023-12-01T06:06:43","guid":{"rendered":"https:\/\/www.martinky.com\/?page_id=3684"},"modified":"2023-12-01T10:47:30","modified_gmt":"2023-12-01T09:47:30","slug":"chalet-winter-spa","status":"publish","type":"page","link":"https:\/\/www.martinky.com\/en\/zima\/accommodation\/chalet-winter-spa\/","title":{"rendered":"Chalet Winter SPA"},"content":{"rendered":"<section class=\"wpb-content-wrapper\"><p>[vc_row][vc_column][vc_empty_space height=&#8221;16px&#8221; alter_height=&#8221;none&#8221; hide_on_mobile=&#8221;&#8221; css=&#8221;.vc_custom_1701411388682{margin-top: 0.4rem !important;}&#8221;][vc_column_text]<\/p>\n<p style=\"color: transparent; font-size: 1px;\">Apartm\u00e1nov\u00fd dom \u201eNov\u00e1 Ponorka\u201c je v\u010faka svojej vynikaj\u00facej polohe v srdci strediska nieko\u013eko metrov pod n\u00e1stupnou stanicou Vleku B, len 30 m od Hlavnej pokladne, absol\u00fatnym centrom Martiniek. Pri\u013eahl\u00e9 parkovisko s dostato\u010dnou kapacitou parkovac\u00edch miest je garanciou bezprobl\u00e9mov\u00e9ho pr\u00edstupu a\u017e k domu.<br \/>\n\u2022 re\u0161taur\u00e1cia pre 80 os\u00f4b samoobslu\u017en\u00e9ho typu<br \/>\n\u2022 \u0161irok\u00fd v\u00fdber jed\u00e1l po\u010das cel\u00e9ho d\u0148a<br \/>\n\u2022 mo\u017enos\u0165 objednania ra\u0148ajok, obedov a ve\u010dere<br \/>\n\u2022 recepcia a bezplatn\u00e1 \u00faschov\u0148a ly\u017e\u00ed<br \/>\n\u2022 vonkaj\u0161ia terasa pred re\u0161taur\u00e1ciou<br \/>\n\u2022 sauna v bl\u00edzkosti apartm\u00e1nov\u00e9ho domu<\/p>\n<p>[\/vc_column_text]<div  id=\"sc_promo_669306071\" \n\tclass=\"sc_promo sc_promo_default sc_promo_size_normal sc_promo_image_position_left\"><div class=\"sc_promo_image\" style=\"background-image:url(https:\/\/www.martinky.com\/wp-content\/uploads\/2023\/12\/chata-winterspa.jpg);width:40.167%;left: 0;\"><\/div><div class=\"sc_promo_text\" style=\"width: 60%;float: right;\">\n\t\t\t<div class=\"sc_promo_text_inner\" style=\"\"><h6 class=\"sc_item_subtitle sc_promo_subtitle sc_align_left sc_item_title_style_default\">Great location, 150m from slope<\/h6><h2 class=\"sc_item_title sc_promo_title sc_align_left sc_item_title_style_default sc_item_title_tag\">Chalet Winter SPA<\/h2><div class=\"sc_item_descr sc_promo_descr sc_align_left\"><p>Luxury accommodation for rent with sauna and jacuzzi in the beautiful nature of Mala Fatra in the center of the ski resort Winterpark Martinky on Martinsk\u00e9 hole only 150 m from the ski slope.<\/p>\n<p><\/p>\n<p><b>Chalet services<b><\/b><\/b><\/p>\n<p><\/p>\n<p>\u2022 accommodation for 14 persons, 4 x bedrooms<\/p>\n<p>\u2022 wellness, finnish sauna, whirlpool, shower<\/p>\n<p>\u2022 parking for 3 vehicles in summer and winter<\/p>\n<\/div><div class=\"sc_item_button sc_item_button_simple sc_promo_button sc_align_left sc_button_wrap sc_align_left\"><a href=\"https:\/\/chatawinterspa.com\/\" id=\"sc_button_1411409114\" class=\"sc_button sc_button_simple sc_button_size_normal sc_button_icon_left\"><span class=\"sc_button_text\"><span class=\"sc_button_title\">MORE INFO ABOUT ACCOMMODATION<\/span><\/span><!-- \/.sc_button_text --><\/a><!-- \/.sc_button --><\/div><!-- \/.sc_item_button sc_item_button_simple sc_promo_button sc_align_left --><\/div>\n\t\t<\/div><!-- \/.sc_promo_text --><\/div><!-- \/.sc_promo -->[vc_empty_space height=&#8221;16px&#8221; alter_height=&#8221;none&#8221; hide_on_mobile=&#8221;&#8221; css=&#8221;.vc_custom_1701411393774{margin-top: 0.4rem !important;}&#8221;][\/vc_column][\/vc_row]<\/p>\n<\/section>","protected":false},"excerpt":{"rendered":"<p>Luxury accommodation for rent with sauna &#038; jacuzzi in the beautiful nature of Mala Fatra in the center of the ski resort Winterpark Martinky.<\/p>\n","protected":false},"author":990005,"featured_media":3686,"parent":3339,"menu_order":0,"comment_status":"closed","ping_status":"closed","template":"","meta":{"inline_featured_image":false,"footnotes":""},"class_list":["post-3684","page","type-page","status-publish","has-post-thumbnail","hentry"],"yoast_head":"<!-- This site is optimized with the Yoast SEO plugin v26.4 - https:\/\/yoast.com\/wordpress\/plugins\/seo\/ -->\n<title>Chalet Winter SPA - Martinky<\/title>\n<meta name=\"description\" content=\"Luxury accommodation for rent with sauna &amp; jacuzzi in the beautiful nature of Mala Fatra in the center of the ski resort Winterpark Martinky.\" \/>\n<meta name=\"robots\" content=\"index, follow, max-snippet:-1, max-image-preview:large, max-video-preview:-1\" \/>\n<link rel=\"canonical\" href=\"https:\/\/www.martinky.com\/en\/zima\/accommodation\/chalet-winter-spa\/\" \/>\n<meta property=\"og:locale\" content=\"en_US\" \/>\n<meta property=\"og:type\" content=\"article\" \/>\n<meta property=\"og:title\" content=\"Chalet Winter SPA - Martinky\" \/>\n<meta property=\"og:description\" content=\"Luxury accommodation for rent with sauna &amp; jacuzzi in the beautiful nature of Mala Fatra in the center of the ski resort Winterpark Martinky.\" \/>\n<meta property=\"og:url\" content=\"https:\/\/www.martinky.com\/en\/zima\/accommodation\/chalet-winter-spa\/\" \/>\n<meta property=\"og:site_name\" content=\"Martinky\" \/>\n<meta property=\"article:modified_time\" content=\"2023-12-01T09:47:30+00:00\" \/>\n<meta property=\"og:image\" content=\"https:\/\/www.martinky.com\/wp-content\/uploads\/2023\/12\/chata-winterspa.jpg\" \/>\n\t<meta property=\"og:image:width\" content=\"1920\" \/>\n\t<meta property=\"og:image:height\" content=\"1440\" \/>\n\t<meta property=\"og:image:type\" content=\"image\/jpeg\" \/>\n<meta name=\"twitter:card\" content=\"summary_large_image\" \/>\n<meta name=\"twitter:label1\" content=\"Est. reading time\" \/>\n\t<meta name=\"twitter:data1\" content=\"1 minute\" \/>\n<script type=\"application\/ld+json\" class=\"yoast-schema-graph\">{\"@context\":\"https:\/\/schema.org\",\"@graph\":[{\"@type\":\"WebPage\",\"@id\":\"https:\/\/www.martinky.com\/en\/zima\/accommodation\/chalet-winter-spa\/\",\"url\":\"https:\/\/www.martinky.com\/en\/zima\/accommodation\/chalet-winter-spa\/\",\"name\":\"Chalet Winter SPA - Martinky\",\"isPartOf\":{\"@id\":\"https:\/\/www.martinky.com\/#website\"},\"primaryImageOfPage\":{\"@id\":\"https:\/\/www.martinky.com\/en\/zima\/accommodation\/chalet-winter-spa\/#primaryimage\"},\"image\":{\"@id\":\"https:\/\/www.martinky.com\/en\/zima\/accommodation\/chalet-winter-spa\/#primaryimage\"},\"thumbnailUrl\":\"https:\/\/www.martinky.com\/wp-content\/uploads\/2023\/12\/chata-winterspa.jpg\",\"datePublished\":\"2023-12-01T06:06:43+00:00\",\"dateModified\":\"2023-12-01T09:47:30+00:00\",\"description\":\"Luxury accommodation for rent with sauna & jacuzzi in the beautiful nature of Mala Fatra in the center of the ski resort Winterpark Martinky.\",\"breadcrumb\":{\"@id\":\"https:\/\/www.martinky.com\/en\/zima\/accommodation\/chalet-winter-spa\/#breadcrumb\"},\"inLanguage\":\"en-US\",\"potentialAction\":[{\"@type\":\"ReadAction\",\"target\":[\"https:\/\/www.martinky.com\/en\/zima\/accommodation\/chalet-winter-spa\/\"]}]},{\"@type\":\"ImageObject\",\"inLanguage\":\"en-US\",\"@id\":\"https:\/\/www.martinky.com\/en\/zima\/accommodation\/chalet-winter-spa\/#primaryimage\",\"url\":\"https:\/\/www.martinky.com\/wp-content\/uploads\/2023\/12\/chata-winterspa.jpg\",\"contentUrl\":\"https:\/\/www.martinky.com\/wp-content\/uploads\/2023\/12\/chata-winterspa.jpg\",\"width\":1920,\"height\":1440},{\"@type\":\"BreadcrumbList\",\"@id\":\"https:\/\/www.martinky.com\/en\/zima\/accommodation\/chalet-winter-spa\/#breadcrumb\",\"itemListElement\":[{\"@type\":\"ListItem\",\"position\":1,\"name\":\"Domovsk\u00e1 str\u00e1nka\",\"item\":\"https:\/\/www.martinky.com\/en\/\"},{\"@type\":\"ListItem\",\"position\":2,\"name\":\"Close to heaven, close to you\",\"item\":\"https:\/\/www.martinky.com\/en\/\"},{\"@type\":\"ListItem\",\"position\":3,\"name\":\"Ubytovanie\",\"item\":\"https:\/\/www.martinky.com\/en\/zima\/accommodation\/\"},{\"@type\":\"ListItem\",\"position\":4,\"name\":\"Chalet Winter SPA\"}]},{\"@type\":\"WebSite\",\"@id\":\"https:\/\/www.martinky.com\/#website\",\"url\":\"https:\/\/www.martinky.com\/\",\"name\":\"Martinky\",\"description\":\"bl\u00edzko neba, bl\u00edzko teba\",\"potentialAction\":[{\"@type\":\"SearchAction\",\"target\":{\"@type\":\"EntryPoint\",\"urlTemplate\":\"https:\/\/www.martinky.com\/?s={search_term_string}\"},\"query-input\":{\"@type\":\"PropertyValueSpecification\",\"valueRequired\":true,\"valueName\":\"search_term_string\"}}],\"inLanguage\":\"en-US\"}]}<\/script>\n<!-- \/ Yoast SEO plugin. -->","yoast_head_json":{"title":"Chalet Winter SPA - Martinky","description":"Luxury accommodation for rent with sauna & jacuzzi in the beautiful nature of Mala Fatra in the center of the ski resort Winterpark Martinky.","robots":{"index":"index","follow":"follow","max-snippet":"max-snippet:-1","max-image-preview":"max-image-preview:large","max-video-preview":"max-video-preview:-1"},"canonical":"https:\/\/www.martinky.com\/en\/zima\/accommodation\/chalet-winter-spa\/","og_locale":"en_US","og_type":"article","og_title":"Chalet Winter SPA - Martinky","og_description":"Luxury accommodation for rent with sauna & jacuzzi in the beautiful nature of Mala Fatra in the center of the ski resort Winterpark Martinky.","og_url":"https:\/\/www.martinky.com\/en\/zima\/accommodation\/chalet-winter-spa\/","og_site_name":"Martinky","article_modified_time":"2023-12-01T09:47:30+00:00","og_image":[{"width":1920,"height":1440,"url":"https:\/\/www.martinky.com\/wp-content\/uploads\/2023\/12\/chata-winterspa.jpg","type":"image\/jpeg"}],"twitter_card":"summary_large_image","twitter_misc":{"Est. reading time":"1 minute"},"schema":{"@context":"https:\/\/schema.org","@graph":[{"@type":"WebPage","@id":"https:\/\/www.martinky.com\/en\/zima\/accommodation\/chalet-winter-spa\/","url":"https:\/\/www.martinky.com\/en\/zima\/accommodation\/chalet-winter-spa\/","name":"Chalet Winter SPA - Martinky","isPartOf":{"@id":"https:\/\/www.martinky.com\/#website"},"primaryImageOfPage":{"@id":"https:\/\/www.martinky.com\/en\/zima\/accommodation\/chalet-winter-spa\/#primaryimage"},"image":{"@id":"https:\/\/www.martinky.com\/en\/zima\/accommodation\/chalet-winter-spa\/#primaryimage"},"thumbnailUrl":"https:\/\/www.martinky.com\/wp-content\/uploads\/2023\/12\/chata-winterspa.jpg","datePublished":"2023-12-01T06:06:43+00:00","dateModified":"2023-12-01T09:47:30+00:00","description":"Luxury accommodation for rent with sauna & jacuzzi in the beautiful nature of Mala Fatra in the center of the ski resort Winterpark Martinky.","breadcrumb":{"@id":"https:\/\/www.martinky.com\/en\/zima\/accommodation\/chalet-winter-spa\/#breadcrumb"},"inLanguage":"en-US","potentialAction":[{"@type":"ReadAction","target":["https:\/\/www.martinky.com\/en\/zima\/accommodation\/chalet-winter-spa\/"]}]},{"@type":"ImageObject","inLanguage":"en-US","@id":"https:\/\/www.martinky.com\/en\/zima\/accommodation\/chalet-winter-spa\/#primaryimage","url":"https:\/\/www.martinky.com\/wp-content\/uploads\/2023\/12\/chata-winterspa.jpg","contentUrl":"https:\/\/www.martinky.com\/wp-content\/uploads\/2023\/12\/chata-winterspa.jpg","width":1920,"height":1440},{"@type":"BreadcrumbList","@id":"https:\/\/www.martinky.com\/en\/zima\/accommodation\/chalet-winter-spa\/#breadcrumb","itemListElement":[{"@type":"ListItem","position":1,"name":"Domovsk\u00e1 str\u00e1nka","item":"https:\/\/www.martinky.com\/en\/"},{"@type":"ListItem","position":2,"name":"Close to heaven, close to you","item":"https:\/\/www.martinky.com\/en\/"},{"@type":"ListItem","position":3,"name":"Ubytovanie","item":"https:\/\/www.martinky.com\/en\/zima\/accommodation\/"},{"@type":"ListItem","position":4,"name":"Chalet Winter SPA"}]},{"@type":"WebSite","@id":"https:\/\/www.martinky.com\/#website","url":"https:\/\/www.martinky.com\/","name":"Martinky","description":"bl\u00edzko neba, bl\u00edzko teba","potentialAction":[{"@type":"SearchAction","target":{"@type":"EntryPoint","urlTemplate":"https:\/\/www.martinky.com\/?s={search_term_string}"},"query-input":{"@type":"PropertyValueSpecification","valueRequired":true,"valueName":"search_term_string"}}],"inLanguage":"en-US"}]}},"_links":{"self":[{"href":"https:\/\/www.martinky.com\/en\/wp-json\/wp\/v2\/pages\/3684","targetHints":{"allow":["GET"]}}],"collection":[{"href":"https:\/\/www.martinky.com\/en\/wp-json\/wp\/v2\/pages"}],"about":[{"href":"https:\/\/www.martinky.com\/en\/wp-json\/wp\/v2\/types\/page"}],"author":[{"embeddable":true,"href":"https:\/\/www.martinky.com\/en\/wp-json\/wp\/v2\/users\/990005"}],"replies":[{"embeddable":true,"href":"https:\/\/www.martinky.com\/en\/wp-json\/wp\/v2\/comments?post=3684"}],"version-history":[{"count":13,"href":"https:\/\/www.martinky.com\/en\/wp-json\/wp\/v2\/pages\/3684\/revisions"}],"predecessor-version":[{"id":3732,"href":"https:\/\/www.martinky.com\/en\/wp-json\/wp\/v2\/pages\/3684\/revisions\/3732"}],"up":[{"embeddable":true,"href":"https:\/\/www.martinky.com\/en\/wp-json\/wp\/v2\/pages\/3339"}],"wp:featuredmedia":[{"embeddable":true,"href":"https:\/\/www.martinky.com\/en\/wp-json\/wp\/v2\/media\/3686"}],"wp:attachment":[{"href":"https:\/\/www.martinky.com\/en\/wp-json\/wp\/v2\/media?parent=3684"}],"curies":[{"name":"wp","href":"https:\/\/api.w.org\/{rel}","templated":true}]}}