{"id":3701,"date":"2023-12-01T07:48:37","date_gmt":"2023-12-01T06:48:37","guid":{"rendered":"https:\/\/www.martinky.com\/?page_id=3701"},"modified":"2023-12-05T12:28:54","modified_gmt":"2023-12-05T11:28:54","slug":"chalet-martinski","status":"publish","type":"page","link":"https:\/\/www.martinky.com\/en\/zima\/accommodation\/chalet-martinski\/","title":{"rendered":"Chalet MartinSki"},"content":{"rendered":"<section class=\"wpb-content-wrapper\"><p>[vc_row][vc_column][vc_empty_space height=&#8221;16px&#8221; alter_height=&#8221;none&#8221; hide_on_mobile=&#8221;&#8221; css=&#8221;.vc_custom_1701411388682{margin-top: 0.4rem !important;}&#8221;][vc_column_text]<\/p>\n<p style=\"color: transparent; font-size: 1px;\">Apartm\u00e1nov\u00fd dom \u201eNov\u00e1 Ponorka\u201c je v\u010faka svojej vynikaj\u00facej polohe v srdci strediska nieko\u013eko metrov pod n\u00e1stupnou stanicou Vleku B, len 30 m od Hlavnej pokladne, absol\u00fatnym centrom Martiniek. Pri\u013eahl\u00e9 parkovisko s dostato\u010dnou kapacitou parkovac\u00edch miest je garanciou bezprobl\u00e9mov\u00e9ho pr\u00edstupu a\u017e k domu.<br \/>\n\u2022 re\u0161taur\u00e1cia pre 80 os\u00f4b samoobslu\u017en\u00e9ho typu<br \/>\n\u2022 \u0161irok\u00fd v\u00fdber jed\u00e1l po\u010das cel\u00e9ho d\u0148a<br \/>\n\u2022 mo\u017enos\u0165 objednania ra\u0148ajok, obedov a ve\u010dere<br \/>\n\u2022 recepcia a bezplatn\u00e1 \u00faschov\u0148a ly\u017e\u00ed<br \/>\n\u2022 vonkaj\u0161ia terasa pred re\u0161taur\u00e1ciou<br \/>\n\u2022 sauna v bl\u00edzkosti apartm\u00e1nov\u00e9ho domu<\/p>\n<p>[\/vc_column_text]<div  id=\"sc_promo_1415381546\" \n\tclass=\"sc_promo sc_promo_default sc_promo_size_normal sc_promo_image_position_left\"><div class=\"sc_promo_image\" style=\"background-image:url(https:\/\/www.martinky.com\/wp-content\/uploads\/2023\/12\/martinski-chata.jpg);width:40.167%;left: 0;\"><\/div><div class=\"sc_promo_text\" style=\"width: 60%;float: right;\">\n\t\t\t<div class=\"sc_promo_text_inner\" style=\"\"><h6 class=\"sc_item_subtitle sc_promo_subtitle sc_align_left sc_item_title_style_default\">Accommodation with endless fun<\/h6><h2 class=\"sc_item_title sc_promo_title sc_align_left sc_item_title_style_default sc_item_title_tag\">Chalet MartinSki<\/h2><div class=\"sc_item_descr sc_promo_descr sc_align_left\"><p>Wellness chalet on the slope in Martinsk\u00e9 hole with an apartment for up to 24 people, where you can experience endless fun with more than 140 activities.<\/p>\n<p><\/p>\n<p><b>Chalet services<b><\/b><\/b><\/p>\n<p><\/p>\n<p>\u2022 separate part of the chalet: 20 people, 5 rooms, 3 bathrooms, 4 toilets<\/p>\n<p>\u2022 separate part Apartment Separe: 4 persons, living room, bedroom, kitchen, bathroom<\/p>\n<p>\u2022 outdoor sauna and whirlpool, spacious playroom, children's playgrounds<\/p>\n<p>\u2022 adapted for families with children, companies and celebrations<\/p>\n<p>\u2022 we take care of rich equipment, above-standard approach and endless amount of entertainment<\/p>\n<\/div><div class=\"sc_item_button sc_item_button_simple sc_promo_button sc_align_left sc_button_wrap sc_align_left\"><a href=\"https:\/\/martinski.sk\/\" id=\"sc_button_2126014878\" class=\"sc_button sc_button_simple sc_button_size_normal sc_button_icon_left\"><span class=\"sc_button_text\"><span class=\"sc_button_title\">MORE INFO ABOUT ACCOMMODATION<\/span><\/span><!-- \/.sc_button_text --><\/a><!-- \/.sc_button --><\/div><!-- \/.sc_item_button sc_item_button_simple sc_promo_button sc_align_left --><\/div>\n\t\t<\/div><!-- \/.sc_promo_text --><\/div><!-- \/.sc_promo -->[vc_empty_space height=&#8221;16px&#8221; alter_height=&#8221;none&#8221; hide_on_mobile=&#8221;&#8221; css=&#8221;.vc_custom_1701411393774{margin-top: 0.4rem !important;}&#8221;][\/vc_column][\/vc_row]<\/p>\n<\/section>","protected":false},"excerpt":{"rendered":"<p>Wellness chalet on the slope in Martinsk\u00e9 hole with an apartment for up to 24 people, where you can experience endless fun with more than 140 activities.<\/p>\n","protected":false},"author":990005,"featured_media":3705,"parent":3339,"menu_order":0,"comment_status":"closed","ping_status":"closed","template":"","meta":{"inline_featured_image":false,"footnotes":""},"class_list":["post-3701","page","type-page","status-publish","has-post-thumbnail","hentry"],"yoast_head":"<!-- This site is optimized with the Yoast SEO plugin v26.4 - https:\/\/yoast.com\/wordpress\/plugins\/seo\/ -->\n<title>Chalet MartinSki - Martinky<\/title>\n<meta name=\"description\" content=\"Wellness chalet on the slope with an apartment for up to 24 people, where you can experience endless fun with more than 140 activities.\" \/>\n<meta name=\"robots\" content=\"index, follow, max-snippet:-1, max-image-preview:large, max-video-preview:-1\" \/>\n<link rel=\"canonical\" href=\"https:\/\/www.martinky.com\/en\/zima\/accommodation\/chalet-martinski\/\" \/>\n<meta property=\"og:locale\" content=\"en_US\" \/>\n<meta property=\"og:type\" content=\"article\" \/>\n<meta property=\"og:title\" content=\"Chalet MartinSki - Martinky\" \/>\n<meta property=\"og:description\" content=\"Wellness chalet on the slope with an apartment for up to 24 people, where you can experience endless fun with more than 140 activities.\" \/>\n<meta property=\"og:url\" content=\"https:\/\/www.martinky.com\/en\/zima\/accommodation\/chalet-martinski\/\" \/>\n<meta property=\"og:site_name\" content=\"Martinky\" \/>\n<meta property=\"article:modified_time\" content=\"2023-12-05T11:28:54+00:00\" \/>\n<meta property=\"og:image\" content=\"https:\/\/www.martinky.com\/wp-content\/uploads\/2023\/12\/martinski-chata.jpg\" \/>\n\t<meta property=\"og:image:width\" content=\"1200\" \/>\n\t<meta property=\"og:image:height\" content=\"675\" \/>\n\t<meta property=\"og:image:type\" content=\"image\/jpeg\" \/>\n<meta name=\"twitter:card\" content=\"summary_large_image\" \/>\n<meta name=\"twitter:label1\" content=\"Est. reading time\" \/>\n\t<meta name=\"twitter:data1\" content=\"2 minutes\" \/>\n<script type=\"application\/ld+json\" class=\"yoast-schema-graph\">{\"@context\":\"https:\/\/schema.org\",\"@graph\":[{\"@type\":\"WebPage\",\"@id\":\"https:\/\/www.martinky.com\/en\/zima\/accommodation\/chalet-martinski\/\",\"url\":\"https:\/\/www.martinky.com\/en\/zima\/accommodation\/chalet-martinski\/\",\"name\":\"Chalet MartinSki - Martinky\",\"isPartOf\":{\"@id\":\"https:\/\/www.martinky.com\/#website\"},\"primaryImageOfPage\":{\"@id\":\"https:\/\/www.martinky.com\/en\/zima\/accommodation\/chalet-martinski\/#primaryimage\"},\"image\":{\"@id\":\"https:\/\/www.martinky.com\/en\/zima\/accommodation\/chalet-martinski\/#primaryimage\"},\"thumbnailUrl\":\"https:\/\/www.martinky.com\/wp-content\/uploads\/2023\/12\/martinski-chata.jpg\",\"datePublished\":\"2023-12-01T06:48:37+00:00\",\"dateModified\":\"2023-12-05T11:28:54+00:00\",\"description\":\"Wellness chalet on the slope with an apartment for up to 24 people, where you can experience endless fun with more than 140 activities.\",\"breadcrumb\":{\"@id\":\"https:\/\/www.martinky.com\/en\/zima\/accommodation\/chalet-martinski\/#breadcrumb\"},\"inLanguage\":\"en-US\",\"potentialAction\":[{\"@type\":\"ReadAction\",\"target\":[\"https:\/\/www.martinky.com\/en\/zima\/accommodation\/chalet-martinski\/\"]}]},{\"@type\":\"ImageObject\",\"inLanguage\":\"en-US\",\"@id\":\"https:\/\/www.martinky.com\/en\/zima\/accommodation\/chalet-martinski\/#primaryimage\",\"url\":\"https:\/\/www.martinky.com\/wp-content\/uploads\/2023\/12\/martinski-chata.jpg\",\"contentUrl\":\"https:\/\/www.martinky.com\/wp-content\/uploads\/2023\/12\/martinski-chata.jpg\",\"width\":1200,\"height\":675},{\"@type\":\"BreadcrumbList\",\"@id\":\"https:\/\/www.martinky.com\/en\/zima\/accommodation\/chalet-martinski\/#breadcrumb\",\"itemListElement\":[{\"@type\":\"ListItem\",\"position\":1,\"name\":\"Domovsk\u00e1 str\u00e1nka\",\"item\":\"https:\/\/www.martinky.com\/en\/\"},{\"@type\":\"ListItem\",\"position\":2,\"name\":\"Close to heaven, close to you\",\"item\":\"https:\/\/www.martinky.com\/en\/\"},{\"@type\":\"ListItem\",\"position\":3,\"name\":\"Ubytovanie\",\"item\":\"https:\/\/www.martinky.com\/en\/zima\/accommodation\/\"},{\"@type\":\"ListItem\",\"position\":4,\"name\":\"Chalet MartinSki\"}]},{\"@type\":\"WebSite\",\"@id\":\"https:\/\/www.martinky.com\/#website\",\"url\":\"https:\/\/www.martinky.com\/\",\"name\":\"Martinky\",\"description\":\"bl\u00edzko neba, bl\u00edzko teba\",\"potentialAction\":[{\"@type\":\"SearchAction\",\"target\":{\"@type\":\"EntryPoint\",\"urlTemplate\":\"https:\/\/www.martinky.com\/?s={search_term_string}\"},\"query-input\":{\"@type\":\"PropertyValueSpecification\",\"valueRequired\":true,\"valueName\":\"search_term_string\"}}],\"inLanguage\":\"en-US\"}]}<\/script>\n<!-- \/ Yoast SEO plugin. -->","yoast_head_json":{"title":"Chalet MartinSki - Martinky","description":"Wellness chalet on the slope with an apartment for up to 24 people, where you can experience endless fun with more than 140 activities.","robots":{"index":"index","follow":"follow","max-snippet":"max-snippet:-1","max-image-preview":"max-image-preview:large","max-video-preview":"max-video-preview:-1"},"canonical":"https:\/\/www.martinky.com\/en\/zima\/accommodation\/chalet-martinski\/","og_locale":"en_US","og_type":"article","og_title":"Chalet MartinSki - Martinky","og_description":"Wellness chalet on the slope with an apartment for up to 24 people, where you can experience endless fun with more than 140 activities.","og_url":"https:\/\/www.martinky.com\/en\/zima\/accommodation\/chalet-martinski\/","og_site_name":"Martinky","article_modified_time":"2023-12-05T11:28:54+00:00","og_image":[{"width":1200,"height":675,"url":"https:\/\/www.martinky.com\/wp-content\/uploads\/2023\/12\/martinski-chata.jpg","type":"image\/jpeg"}],"twitter_card":"summary_large_image","twitter_misc":{"Est. reading time":"2 minutes"},"schema":{"@context":"https:\/\/schema.org","@graph":[{"@type":"WebPage","@id":"https:\/\/www.martinky.com\/en\/zima\/accommodation\/chalet-martinski\/","url":"https:\/\/www.martinky.com\/en\/zima\/accommodation\/chalet-martinski\/","name":"Chalet MartinSki - Martinky","isPartOf":{"@id":"https:\/\/www.martinky.com\/#website"},"primaryImageOfPage":{"@id":"https:\/\/www.martinky.com\/en\/zima\/accommodation\/chalet-martinski\/#primaryimage"},"image":{"@id":"https:\/\/www.martinky.com\/en\/zima\/accommodation\/chalet-martinski\/#primaryimage"},"thumbnailUrl":"https:\/\/www.martinky.com\/wp-content\/uploads\/2023\/12\/martinski-chata.jpg","datePublished":"2023-12-01T06:48:37+00:00","dateModified":"2023-12-05T11:28:54+00:00","description":"Wellness chalet on the slope with an apartment for up to 24 people, where you can experience endless fun with more than 140 activities.","breadcrumb":{"@id":"https:\/\/www.martinky.com\/en\/zima\/accommodation\/chalet-martinski\/#breadcrumb"},"inLanguage":"en-US","potentialAction":[{"@type":"ReadAction","target":["https:\/\/www.martinky.com\/en\/zima\/accommodation\/chalet-martinski\/"]}]},{"@type":"ImageObject","inLanguage":"en-US","@id":"https:\/\/www.martinky.com\/en\/zima\/accommodation\/chalet-martinski\/#primaryimage","url":"https:\/\/www.martinky.com\/wp-content\/uploads\/2023\/12\/martinski-chata.jpg","contentUrl":"https:\/\/www.martinky.com\/wp-content\/uploads\/2023\/12\/martinski-chata.jpg","width":1200,"height":675},{"@type":"BreadcrumbList","@id":"https:\/\/www.martinky.com\/en\/zima\/accommodation\/chalet-martinski\/#breadcrumb","itemListElement":[{"@type":"ListItem","position":1,"name":"Domovsk\u00e1 str\u00e1nka","item":"https:\/\/www.martinky.com\/en\/"},{"@type":"ListItem","position":2,"name":"Close to heaven, close to you","item":"https:\/\/www.martinky.com\/en\/"},{"@type":"ListItem","position":3,"name":"Ubytovanie","item":"https:\/\/www.martinky.com\/en\/zima\/accommodation\/"},{"@type":"ListItem","position":4,"name":"Chalet MartinSki"}]},{"@type":"WebSite","@id":"https:\/\/www.martinky.com\/#website","url":"https:\/\/www.martinky.com\/","name":"Martinky","description":"bl\u00edzko neba, bl\u00edzko teba","potentialAction":[{"@type":"SearchAction","target":{"@type":"EntryPoint","urlTemplate":"https:\/\/www.martinky.com\/?s={search_term_string}"},"query-input":{"@type":"PropertyValueSpecification","valueRequired":true,"valueName":"search_term_string"}}],"inLanguage":"en-US"}]}},"_links":{"self":[{"href":"https:\/\/www.martinky.com\/en\/wp-json\/wp\/v2\/pages\/3701","targetHints":{"allow":["GET"]}}],"collection":[{"href":"https:\/\/www.martinky.com\/en\/wp-json\/wp\/v2\/pages"}],"about":[{"href":"https:\/\/www.martinky.com\/en\/wp-json\/wp\/v2\/types\/page"}],"author":[{"embeddable":true,"href":"https:\/\/www.martinky.com\/en\/wp-json\/wp\/v2\/users\/990005"}],"replies":[{"embeddable":true,"href":"https:\/\/www.martinky.com\/en\/wp-json\/wp\/v2\/comments?post=3701"}],"version-history":[{"count":7,"href":"https:\/\/www.martinky.com\/en\/wp-json\/wp\/v2\/pages\/3701\/revisions"}],"predecessor-version":[{"id":3739,"href":"https:\/\/www.martinky.com\/en\/wp-json\/wp\/v2\/pages\/3701\/revisions\/3739"}],"up":[{"embeddable":true,"href":"https:\/\/www.martinky.com\/en\/wp-json\/wp\/v2\/pages\/3339"}],"wp:featuredmedia":[{"embeddable":true,"href":"https:\/\/www.martinky.com\/en\/wp-json\/wp\/v2\/media\/3705"}],"wp:attachment":[{"href":"https:\/\/www.martinky.com\/en\/wp-json\/wp\/v2\/media?parent=3701"}],"curies":[{"name":"wp","href":"https:\/\/api.w.org\/{rel}","templated":true}]}}